{"id":8,"date":"2023-09-23T20:40:12","date_gmt":"2023-09-23T20:40:12","guid":{"rendered":"https:\/\/critecnow.com\/diariobeiras\/?page_id=8"},"modified":"2024-01-31T15:48:03","modified_gmt":"2024-01-31T15:48:03","slug":"estatuto-editorial","status":"publish","type":"page","link":"https:\/\/critecnow.com\/diariobeiras\/estatuto-editorial\/","title":{"rendered":"Estatuto Editorial"},"content":{"rendered":"<ul>\n<li><span class=\"number-span\">1<\/span>O DI\u00c1\u00adRIO AS BEI\u00adRAS\u00a0\u00e9 um pro\u00adjec\u00adto in\u00adfor\u00adma\u00adti\u00advo in\u00adde\u00adpen\u00adden\u00adte, plu\u00adral, ri\u00adgo\u00adro\u00adso, que pro\u00adcu\u00adra ser\u00advir um p\u00fa\u00adbli\u00adco com opi\u00adni\u00f5es e in\u00adte\u00adres\u00adses di\u00adver\u00adsi\u00adfi\u00adca\u00addos, den\u00adtro da me\u00adlhor tra\u00addi\u00ad\u00e7\u00e3o do jor\u00adna\u00adlis\u00admo de qua\u00adli\u00adda\u00adde.<\/li>\n<li><span class=\"number-span\">2<\/span>O DI\u00c1\u00adRIO AS BEI\u00adRAS\u00a0as\u00adsu\u00adme par\u00adti\u00adcu\u00adlar\u00admen\u00adte os pro\u00adble\u00admas e as as\u00adpi\u00adra\u00ad\u00e7\u00f5es da Re\u00adgi\u00e3o, mas, por\u00adque os en\u00adca\u00adra co\u00admo par\u00adte dos pro\u00adble\u00admas e das as\u00adpi\u00adra\u00ad\u00e7\u00f5es de Por\u00adtu\u00adgal e por\u00adque sa\u00adbe que os re\u00adsul\u00adta\u00addos de\u00adpen\u00addem, em lar\u00adga me\u00addi\u00adda, da evo\u00adlu\u00ad\u00e7\u00e3o glo\u00adbal do Pa\u00eds, n\u00e3o se alheia de na\u00adda que pos\u00adsa in\u00adte\u00adres\u00adsar aos por\u00adtu\u00adgue\u00adses.<\/li>\n<li><span class=\"number-span\">3<\/span>O DI\u00c1\u00adRIO AS BEI\u00adRAS\u00a0acom\u00adpa\u00adnha aten\u00adta\u00admen\u00adte a evo\u00adlu\u00ad\u00e7\u00e3o da si\u00adtua\u00ad\u00e7\u00e3o in\u00adter\u00adna\u00adcio\u00adnal, par\u00adti\u00adcu\u00adlar\u00admen\u00adte nos pa\u00ed\u00adses com os quais os por\u00adtu\u00adgue\u00adses t\u00eam uma re\u00adla\u00ad\u00e7\u00e3o afec\u00adti\u00adva pri\u00advi\u00adle\u00adgia\u00adda e nos Es\u00adta\u00addos e re\u00adgi\u00f5es on\u00adde se ve\u00adri\u00adfi\u00adcam mu\u00addan\u00ad\u00e7as es\u00adpe\u00adcial\u00admen\u00adte capazes de in\u00adfluen\u00adcia\u00adrem o cur\u00adso da hu\u00adma\u00adni\u00adda\u00adde.<\/li>\n<li><span class=\"number-span\">4<\/span>O DI\u00c1\u00adRIO AS BEI\u00adRAS\u00a0re\u00adge\u00ad-se por cri\u00adt\u00e9\u00adrios es\u00adtri\u00adta\u00admen\u00adte jor\u00adna\u00adl\u00eds\u00adti\u00adcos, es\u00adti\u00admu\u00adla a re\u00adfle\u00adx\u00e3o e a cria\u00adti\u00advi\u00adda\u00adde edi\u00adto\u00adriais, re\u00adcu\u00adsa o sen\u00adsacio\u00adna\u00adlis\u00admo e qual\u00adquer ti\u00adpo de de\u00adpen\u00add\u00ean\u00adcia ou ser\u00advi\u00adlis\u00admo.<\/li>\n<li><span class=\"number-span\">5<\/span>O DI\u00c1\u00adRIO AS BEI\u00adRAS\u00a0n\u00e3o pac\u00adtua com in\u00adfrac\u00ad\u00e7\u00f5es ao Es\u00adta\u00adtu\u00adto e ao C\u00f3\u00addi\u00adgo Deon\u00adto\u00adl\u00f3\u00adgi\u00adco dos jor\u00adna\u00adlis\u00adtas, nem acei\u00adta quais\u00adquer li\u00admi\u00adta\u00ad\u00e7\u00f5es ao di\u00adrei\u00adto de in\u00adfor\u00admar e de ser in\u00adfor\u00adma\u00addo, pa\u00adra al\u00e9m das que re\u00adsul\u00adtam dos li\u00admi\u00adtes na\u00adtu\u00adrais e le\u00adgais da li\u00adber\u00adda\u00adde de ex\u00adpres\u00ads\u00e3o.<\/li>\n<li><span class=\"number-span\">6<\/span>O DI\u00c1\u00adRIO AS BEI\u00adRAS\u00a0en\u00adten\u00adde a exis\u00adt\u00ean\u00adcia de uma opi\u00adni\u00e3o p\u00fa\u00adbli\u00adca in\u00adfor\u00adma\u00adda e in\u00adter\u00adve\u00adnien\u00adte co\u00admo con\u00addi\u00ad\u00e7\u00e3o es\u00adsen\u00adcial da de\u00admo\u00adcra\u00adcia, pe\u00adlo que n\u00e3o s\u00f3 re\u00adjei\u00adta quais\u00adquer res\u00adtri\u00ad\u00e7\u00f5es \u00e0 li\u00adber\u00adda\u00adde de ex\u00adpres\u00ads\u00e3o, co\u00admo fo\u00admen\u00adta o de\u00adba\u00adte das gran\u00addes ques\u00adt\u00f5es que se co\u00adlo\u00adcam \u00e0 so\u00adcie\u00adda\u00adde por\u00adtu\u00adgue\u00adsa em ge\u00adral e \u00e0 re\u00adgi\u00e3o Cen\u00adtro em par\u00adti\u00adcu\u00adlar.<\/li>\n<li><span class=\"number-span\">7<\/span>O DI\u00c1\u00adRIO AS BEI\u00adRAS\u00a0n\u00e3o tem qual\u00adquer ou\u00adtro com\u00adpro\u00admis\u00adso ir\u00adre\u00advo\u00adg\u00e1\u00advel que n\u00e3o com os lei\u00adto\u00adres, com\u00adpro\u00adme\u00adten\u00addo\u00ad\u2013se a es\u00adcu\u00adtar aten\u00adta\u00admen\u00adte as ideias des\u00adtes e a pro\u00adce\u00adder \u00e0s ne\u00adces\u00ads\u00e1\u00adrias rec\u00adti\u00adfi\u00adca\u00ad\u00e7\u00f5es, sem\u00adpre que se pro\u00adve ter si\u00addo in\u00addu\u00adzi\u00addo em er\u00adro.<\/li>\n<\/ul>\n","protected":false},"excerpt":{"rendered":"<p>1O DI\u00c1\u00adRIO AS BEI\u00adRAS\u00a0\u00e9 um pro\u00adjec\u00adto in\u00adfor\u00adma\u00adti\u00advo in\u00adde\u00adpen\u00adden\u00adte, plu\u00adral, ri\u00adgo\u00adro\u00adso, que pro\u00adcu\u00adra ser\u00advir um p\u00fa\u00adbli\u00adco com opi\u00adni\u00f5es e in\u00adte\u00adres\u00adses di\u00adver\u00adsi\u00adfi\u00adca\u00addos, den\u00adtro da me\u00adlhor tra\u00addi\u00ad\u00e7\u00e3o do jor\u00adna\u00adlis\u00admo de qua\u00adli\u00adda\u00adde. 2O DI\u00c1\u00adRIO AS BEI\u00adRAS\u00a0as\u00adsu\u00adme par\u00adti\u00adcu\u00adlar\u00admen\u00adte os pro\u00adble\u00admas e as as\u00adpi\u00adra\u00ad\u00e7\u00f5es da Re\u00adgi\u00e3o, mas, por\u00adque os en\u00adca\u00adra co\u00admo par\u00adte dos pro\u00adble\u00admas e das as\u00adpi\u00adra\u00ad\u00e7\u00f5es de Por\u00adtu\u00adgal e por\u00adque [&hellip;]<\/p>\n","protected":false},"author":1,"featured_media":0,"parent":0,"menu_order":0,"comment_status":"closed","ping_status":"closed","template":"pages\/page-estatuto.php","meta":{"_acf_changed":false,"footnotes":""},"class_list":["post-8","page","type-page","status-publish","hentry"],"acf":[],"_links":{"self":[{"href":"https:\/\/critecnow.com\/diariobeiras\/wp-json\/wp\/v2\/pages\/8","targetHints":{"allow":["GET"]}}],"collection":[{"href":"https:\/\/critecnow.com\/diariobeiras\/wp-json\/wp\/v2\/pages"}],"about":[{"href":"https:\/\/critecnow.com\/diariobeiras\/wp-json\/wp\/v2\/types\/page"}],"author":[{"embeddable":true,"href":"https:\/\/critecnow.com\/diariobeiras\/wp-json\/wp\/v2\/users\/1"}],"replies":[{"embeddable":true,"href":"https:\/\/critecnow.com\/diariobeiras\/wp-json\/wp\/v2\/comments?post=8"}],"version-history":[{"count":7,"href":"https:\/\/critecnow.com\/diariobeiras\/wp-json\/wp\/v2\/pages\/8\/revisions"}],"predecessor-version":[{"id":270236,"href":"https:\/\/critecnow.com\/diariobeiras\/wp-json\/wp\/v2\/pages\/8\/revisions\/270236"}],"wp:attachment":[{"href":"https:\/\/critecnow.com\/diariobeiras\/wp-json\/wp\/v2\/media?parent=8"}],"curies":[{"name":"wp","href":"https:\/\/api.w.org\/{rel}","templated":true}]}}